{"id":84,"date":"2016-07-13T11:12:22","date_gmt":"2016-07-13T11:12:22","guid":{"rendered":"https:\/\/dhomebarber.com\/?page_id=84"},"modified":"2024-04-05T08:07:10","modified_gmt":"2024-04-05T06:07:10","slug":"accueil","status":"publish","type":"page","link":"https:\/\/dhomebarber.com\/","title":{"rendered":"Accueil"},"content":{"rendered":"<p>[vc_row][vc_column]\n\t\t\t<!-- START Slider 2 REVOLUTION SLIDER 6.3.9 --><p class=\"rs-p-wp-fix\"><\/p>\n\t\t\t<rs-module-wrap id=\"rev_slider_2_1_wrapper\" data-source=\"gallery\" style=\"background:transparent;padding:0;\">\n\t\t\t\t<rs-module id=\"rev_slider_2_1\" style=\"\" data-version=\"6.3.9\">\n\t\t\t\t\t<rs-slides>\n\t\t\t\t\t\t<rs-slide data-key=\"rs-2\" data-title=\"slide1\" data-anim=\"ei:d;eo:d;s:1000;r:0;t:fade;sl:0;\" data-mediafilter=\"xpro2\">\n\t\t\t\t\t\t\t<img decoding=\"async\" src=\"\/\/dhomebarber.com\/wp-content\/plugins\/revslider\/public\/assets\/assets\/transparent.png\" title=\"Accueil\" class=\"rev-slidebg\" data-no-retina>\n\t\t\t\t\t\t\t<rs-bgvideo \n\t\t\t\t\t\t\t\tdata-video=\"w:100%;h:100%;nse:false;l:true;ptimer:false;\"\n\t\t\t\t\t\t\t\tdata-mp4=\"\/\/dhomebarber.com\/wp-content\/uploads\/2022\/12\/DHOMEBARBER_vCommerciale-2.mp4\"\n\t\t\t\t\t\t\t><\/rs-bgvideo>\n<!--\n\t\t\t\t\t\t\t--><rs-layer\n\t\t\t\t\t\t\t\tid=\"slider-2-slide-2-layer-0\" \n\t\t\t\t\t\t\t\tdata-type=\"image\"\n\t\t\t\t\t\t\t\tdata-rsp_ch=\"on\"\n\t\t\t\t\t\t\t\tdata-xy=\"x:c;y:c;\"\n\t\t\t\t\t\t\t\tdata-text=\"w:normal;\"\n\t\t\t\t\t\t\t\tdata-dim=\"w:373px;h:271px;\"\n\t\t\t\t\t\t\t\tdata-ford=\"frame_0;frame_1;frame_2;frame_999;\"\n\t\t\t\t\t\t\t\tdata-frame_0=\"sX:0.9;sY:0.9;\"\n\t\t\t\t\t\t\t\tdata-frame_1=\"sp:1000;\"\n\t\t\t\t\t\t\t\tdata-frame_999=\"sX:0.7;sY:0.7;o:0;e:back.in;st:1780;sp:500;sR:980;\"\n\t\t\t\t\t\t\t\tdata-frame_2=\"oX:50%;oY:50%;oZ:0;tp:600;st:400;sp:400;\"\n\t\t\t\t\t\t\t\tstyle=\"z-index:8;\"\n\t\t\t\t\t\t\t><img loading=\"lazy\" decoding=\"async\" src=\"\/\/dhomebarber.com\/wp-content\/uploads\/2022\/11\/dhonelogo.png\" width=\"219\" height=\"159\" data-no-retina> \n\t\t\t\t\t\t\t<\/rs-layer><!--\n-->\t\t\t\t\t\t<\/rs-slide>\n\t\t\t\t\t<\/rs-slides>\n\t\t\t\t<\/rs-module>\n\t\t\t\t<script type=\"text\/javascript\">\n\t\t\t\t\tsetREVStartSize({c: 'rev_slider_2_1',rl:[1240,1024,778,480],el:[900],gw:[1240],gh:[900],type:'standard',justify:'',layout:'fullscreen',offsetContainer:'',offset:'',mh:\"0\"});\n\t\t\t\t\tvar\trevapi2,\n\t\t\t\t\t\ttpj;\n\t\t\t\t\tfunction revinit_revslider21() {\n\t\t\t\t\tjQuery(function() {\n\t\t\t\t\t\ttpj = jQuery;\n\t\t\t\t\t\trevapi2 = tpj(\"#rev_slider_2_1\");\n\t\t\t\t\t\tif(revapi2==undefined || revapi2.revolution == undefined){\n\t\t\t\t\t\t\trevslider_showDoubleJqueryError(\"rev_slider_2_1\");\n\t\t\t\t\t\t}else{\n\t\t\t\t\t\t\trevapi2.revolution({\n\t\t\t\t\t\t\t\tsliderLayout:\"fullscreen\",\n\t\t\t\t\t\t\t\tvisibilityLevels:\"1240,1024,778,480\",\n\t\t\t\t\t\t\t\tgridwidth:1240,\n\t\t\t\t\t\t\t\tgridheight:900,\n\t\t\t\t\t\t\t\tperspective:600,\n\t\t\t\t\t\t\t\tperspectiveType:\"global\",\n\t\t\t\t\t\t\t\teditorheight:\"900,768,960,720\",\n\t\t\t\t\t\t\t\tresponsiveLevels:\"1240,1024,778,480\",\n\t\t\t\t\t\t\t\tignoreHeightChange:false,\n\t\t\t\t\t\t\t\tprogressBar:{disableProgressBar:true},\n\t\t\t\t\t\t\t\tnavigation: {\n\t\t\t\t\t\t\t\t\tonHoverStop:false\n\t\t\t\t\t\t\t\t},\n\t\t\t\t\t\t\t\tfallbacks: {\n\t\t\t\t\t\t\t\t\tallowHTML5AutoPlayOnAndroid:true\n\t\t\t\t\t\t\t\t},\n\t\t\t\t\t\t\t});\n\t\t\t\t\t\t}\n\t\t\t\t\t\t\n\t\t\t\t\t});\n\t\t\t\t\t} \/\/ End of RevInitScript\n\t\t\t\tvar once_revslider21 = false;\n\t\t\t\tif (document.readyState === \"loading\") {document.addEventListener('readystatechange',function() { if((document.readyState === \"interactive\" || document.readyState === \"complete\") && !once_revslider21 ) { once_revslider21 = true; revinit_revslider21();}});} else {once_revslider21 = true; revinit_revslider21();}\n\t\t\t\t<\/script>\n\t\t\t<\/rs-module-wrap>\n\t\t\t<!-- END REVOLUTION SLIDER -->\n[\/vc_column][vc_column css=&#8221;.vc_custom_1682966621734{margin-top: 0px !important;margin-bottom: 80px !important;}&#8221;][vc_column_text]<\/p>\n<h2 style=\"text-align: center;\">D&#8217;Home Barber<\/h2>\n<p>[\/vc_column_text][\/vc_column][\/vc_row][vc_row][vc_column width=&#8221;1\/2&#8243;][vc_single_image image=&#8221;13713&#8243; img_size=&#8221;large&#8221; alignment=&#8221;center&#8221; style=&#8221;vc_box_rounded&#8221; css_animation=&#8221;fadeIn&#8221;][\/vc_column][vc_column width=&#8221;1\/2&#8243;][vc_column_text]<\/p>\n<h4 class=\"OKText\" style=\"text-align: justify;\">D\u2019aussi loin que je me rappelle, j\u2019ai fr\u00e9quent\u00e9 les barbiers old school italiens accompagnant mon papa. C\u2019\u00e9tait un passage obligatoire pour nous, une institution, lui qui se faisait faire la barbe et les cheveux, et moi la petite coupe avec le \u00ab trait \u00bb au rasoir sur le c\u00f4t\u00e9.<\/h4>\n<h4 class=\"OKText\" style=\"text-align: justify;\">Cet art de manier les ciseaux et cette maitrise du coupe choux m\u2019ont toujours fascin\u00e9. D\u2019ailleurs, mon premier coupe choux, que j\u2019utilise encore aujourd\u2019hui, vient d\u2019un barbier italien qui l\u2019a donn\u00e9 \u00e0 mon p\u00e8re afin de perp\u00e9tuer la tradition.<\/h4>\n<h4 class=\"OKText\" style=\"text-align: justify;\">Voulant depuis toujours imiter ces artistes, je me suis entrain\u00e9 d\u00e8s mon plus jeune \u00e2ge sur moi-m\u00eame et mes proches. Je me suis rapidement rendu compte que j\u2019avais \u00e7a en moi et que j\u2019\u00e9tais plut\u00f4t dou\u00e9 pour manier les outils de coiffure. Autodidacte, j\u2019ai \u00e9volu\u00e9 au fil des ann\u00e9es, tr\u00e8s pointilleux sur les d\u00e9tails et inspir\u00e9 des cultures barbiers italienne et am\u00e9ricaine, j\u2019ai fait de cette passion mon m\u00e9tier et quoi de plus beau que d\u2019ouvrir quelques ann\u00e9es plus tard son propre Barber Shop ! Ce Shop me repr\u00e9sente totalement car il m\u00e9lange la culture street, sport, hip-hop tout en restant classe et professionnel.<\/h4>\n<h4 class=\"OKText\" style=\"text-align: justify;\">Plein d\u2019imagination je transformerais ce simple rendez-vous en un moment de bien-\u00eatre, de transformation, de conseil et peut \u00eatre m\u00eame d\u00e9couvrirez-vous des nouveaux morceaux musicaux qui vous auront tap\u00e9 dans l\u2019oreille, car rien de plus important que de la bonne musique pour que vous vous sentiez le mieux possible en sortant de chez Dhomebarber.<\/h4>\n<h4 class=\"OKText\" style=\"text-align: justify;\">D\u2019ailleurs ce petit jeu de mot fait allusion \u00e0 \u00ab\u00a0Dom\u00a0\u00bb mon diminutif et \u00ab\u00a0Home\u00a0\u00bb\u00a0maison car le but principal et que vous vous sentiez chez nous comme \u00e0 la maison.<\/h4>\n<p>[\/vc_column_text][vc_btn title=&#8221;Prendre rendez-vous&#8221; style=&#8221;flat&#8221; color=&#8221;warning&#8221; size=&#8221;lg&#8221; align=&#8221;center&#8221; link=&#8221;url:https%3A%2F%2Fdhomebarber.com%2Findex.php%2Fappointments%2F|title:Rendez-vous|target:_blank&#8221; css=&#8221;.vc_custom_1712297228175{margin-top: 60px !important;}&#8221;][\/vc_column][\/vc_row][vc_row][vc_column][vc_separator color=&#8221;orange&#8221;][vc_column_text css=&#8221;.vc_custom_1682967005531{margin-top: 60px !important;margin-bottom: 60px !important;padding-top: 0px !important;}&#8221;]<\/p>\n<h2 style=\"text-align: center;\"><a href=\"https:\/\/dhomebarber.com\/index.php\/prestations\/\">Prestations<\/a><\/h2>\n<p>[\/vc_column_text][\/vc_column][\/vc_row][vc_row][vc_column width=&#8221;1\/2&#8243;]<div id=\"sc_table_1373869698_wrap\" class=\"sc_table_wrap sc_type_default\"><div id=\"sc_table_1373869698\"\r\n\t\t\tclass=\"sc_table aligncenter\"\r\n\t\t\t style=\"width:100%;\"\t\t\t><\/p>\n<table width=\"100%\">\n<tbody>\n<tr>\n<td style=\"text-align: center;\" width=\"75%\">Coupe enfant et moins de 20 ans<\/td>\n<td style=\"text-align: left;\" width=\"25%\">22\u20ac<\/td>\n<\/tr>\n<tr>\n<td style=\"text-align: center;\">Coupe adulte<\/td>\n<td style=\"text-align: left;\">27\u20ac<\/td>\n<\/tr>\n<tr>\n<td style=\"text-align: center;\">Coupe PREMIUM Homme<\/td>\n<td style=\"text-align: left;\">30\u20ac<\/td>\n<\/tr>\n<tr>\n<td style=\"text-align: center;\">Coupe et barbe PREMIUM Homme<\/td>\n<td style=\"text-align: left;\">45\u20ac<\/td>\n<\/tr>\n<tr>\n<td style=\"text-align: center;\">Coupe \u00ab\u00a0DOM\u00a0\u00bb<\/td>\n<td style=\"text-align: left;\">30\u20ac<\/td>\n<\/tr>\n<tr>\n<td style=\"text-align: center;\">Barbe simple<\/td>\n<td style=\"text-align: left;\">20\u20ac<\/td>\n<\/tr>\n<tr>\n<td style=\"text-align: center;\">Taper fade enfant et -20ans<\/td>\n<td style=\"text-align: left;\">25\u20ac<\/td>\n<\/tr>\n<tr>\n<td style=\"text-align: center;\">Taper fade cheveux court<\/td>\n<td style=\"text-align: left;\">27\u20ac<\/td>\n<\/tr>\n<tr>\n<td style=\"text-align: center;\">Taper fade cheveux long<\/td>\n<td style=\"text-align: left;\">30\u20ac<\/td>\n<\/tr>\n<tr>\n<td style=\"text-align: center;\">Double fade<\/td>\n<td style=\"text-align: left;\">50\u20ac<\/td>\n<\/tr>\n<tr>\n<td style=\"text-align: center;\">Coupe et barbe<\/td>\n<td style=\"text-align: left;\">37\u20ac<\/td>\n<\/tr>\n<tr>\n<td style=\"text-align: center;\">Barbe et soin barbe<\/td>\n<td style=\"text-align: left;\">25\u20ac<\/td>\n<\/tr>\n<tr>\n<td style=\"text-align: center;\">Sculpture de barbe longue<\/td>\n<td style=\"text-align: left;\">37\u20ac<\/td>\n<\/tr>\n<tr>\n<td style=\"text-align: center;\">Rasage \u00e0 l\u2019ancienne<\/td>\n<td style=\"text-align: left;\">30\u20ac<\/td>\n<\/tr>\n<tr>\n<td style=\"text-align: center;\">Soin complet<\/td>\n<td style=\"text-align: left;\">40\u20ac<\/td>\n<\/tr>\n<tr>\n<td style=\"text-align: center;\">Defrisage naturel \u00e0 base d\u2019huile d\u2019olive<\/td>\n<td style=\"text-align: left;\">12\u20ac<\/td>\n<\/tr>\n<tr>\n<td style=\"text-align: center;\">\u00c9pilation nez ou oreilles<\/td>\n<td>10\u20ac<\/td>\n<\/tr>\n<\/tbody>\n<\/table>\n<p>\t<\/div><\/div><!-- \/.sc_table_wrap -->[\/vc_column][vc_column width=&#8221;1\/2&#8243;][vc_images_carousel images=&#8221;13700,13697,13704,13699,13695,10495,10499,10500,10492,10490,10505,10475,10483,10481,10474&#8243; img_size=&#8221;full&#8221; onclick=&#8221;custom_link&#8221; custom_links_target=&#8221;_blank&#8221; speed=&#8221;2000&#8243; autoplay=&#8221;yes&#8221; hide_pagination_control=&#8221;yes&#8221; wrap=&#8221;yes&#8221; custom_links=&#8221;#E-8_JTIwaHR0cHMlM0ElMkYlMkZkaG9tZWJhcmJlci5jb20lMkZpbmRleC5waHAlMkZwcmVzdGF0aW9ucyUyRg==&#8221;][\/vc_column][\/vc_row][vc_row][vc_column][vc_separator color=&#8221;orange&#8221;][\/vc_column][\/vc_row][vc_row][vc_column][vc_column_text]<\/p>\n<h2 style=\"text-align: center;\">Ils nous ont fait confiance<\/h2>\n<p>[\/vc_column_text][vc_raw_html]JTVCdHJ1c3RpbmRleCUyMG5vLXJlZ2lzdHJhdGlvbiUzRGdvb2dsZSU1RA==[\/vc_raw_html][\/vc_column][\/vc_row]<\/p>\n","protected":false},"excerpt":{"rendered":"<p>[vc_row][vc_column][\/vc_column][vc_column css=&#8221;.vc_custom_1682966621734{margin-top: 0px !important;margin-bottom: 80px !important;}&#8221;][vc_column_text] D&#8217;Home Barber [\/vc_column_text][\/vc_column][\/vc_row][vc_row][vc_column width=&#8221;1\/2&#8243;][vc_single_image image=&#8221;13713&#8243; img_size=&#8221;large&#8221; alignment=&#8221;center&#8221; style=&#8221;vc_box_rounded&#8221; css_animation=&#8221;fadeIn&#8221;][\/vc_column][vc_column width=&#8221;1\/2&#8243;][vc_column_text] D\u2019aussi loin que je me rappelle, j\u2019ai fr\u00e9quent\u00e9 les barbiers old school italiens accompagnant mon papa. C\u2019\u00e9tait un passage obligatoire pour nous, une institution, lui qui se faisait faire la barbe et les cheveux, et moi la petite coupe avec le \u00ab trait \u00bb&hellip;<\/p>\n","protected":false},"author":1,"featured_media":0,"parent":0,"menu_order":0,"comment_status":"closed","ping_status":"closed","template":"","meta":{"footnotes":""},"_links":{"self":[{"href":"https:\/\/dhomebarber.com\/index.php\/wp-json\/wp\/v2\/pages\/84"}],"collection":[{"href":"https:\/\/dhomebarber.com\/index.php\/wp-json\/wp\/v2\/pages"}],"about":[{"href":"https:\/\/dhomebarber.com\/index.php\/wp-json\/wp\/v2\/types\/page"}],"author":[{"embeddable":true,"href":"https:\/\/dhomebarber.com\/index.php\/wp-json\/wp\/v2\/users\/1"}],"replies":[{"embeddable":true,"href":"https:\/\/dhomebarber.com\/index.php\/wp-json\/wp\/v2\/comments?post=84"}],"version-history":[{"count":38,"href":"https:\/\/dhomebarber.com\/index.php\/wp-json\/wp\/v2\/pages\/84\/revisions"}],"predecessor-version":[{"id":21203,"href":"https:\/\/dhomebarber.com\/index.php\/wp-json\/wp\/v2\/pages\/84\/revisions\/21203"}],"wp:attachment":[{"href":"https:\/\/dhomebarber.com\/index.php\/wp-json\/wp\/v2\/media?parent=84"}],"curies":[{"name":"wp","href":"https:\/\/api.w.org\/{rel}","templated":true}]}}